{"id":571,"date":"2016-03-08T21:17:30","date_gmt":"2016-03-08T21:17:30","guid":{"rendered":"https:\/\/houzez01.favethemes.com\/?page_id=571"},"modified":"2016-03-08T21:17:30","modified_gmt":"2016-03-08T21:17:30","slug":"property-by-id","status":"publish","type":"page","link":"https:\/\/www.baitenou.com\/index.php\/property-by-id\/","title":{"rendered":"Property by ID"},"content":{"rendered":"<p>\t\t\t\t[vc_row][vc_column]\t\t<div\r\n\t\t\tclass=\"houzez-module module-title section-title-module text-left \">\r\n\t\t\t<h2>Property by ID<\/h2>\r\n\r\n\t\t\t<h3 class=\"sub-heading\">Display your properties selecting them by ID<\/h3>\r\n\t\t<\/div>\r\n\t\t[\/vc_column][\/vc_row][vc_row gap=\u00a0\u00bb5&Prime; css=\u00a0\u00bb.vc_custom_1457958024125{padding-top: 45px !important;}\u00a0\u00bb][vc_column width=\u00a0\u00bb1\/2&Prime;]\n        <div id=\"property-item-module\" class=\"property-item-module\">\n            <div class=\"row grid-row\">\n\n                <div class=\"item-wrap\"><h4 class=\"not-found\">D\u00e9sol\u00e9 aucun r\u00e9sultat trouv\u00e9<\/h4><\/div>\n\n            <\/div>\n        <\/div>\n\n        [\/vc_column][vc_column width=\u00a0\u00bb1\/2&Prime;]\n        <div id=\"property-item-module\" class=\"property-item-module\">\n            <div class=\"row grid-row\">\n\n                <div class=\"item-wrap\"><h4 class=\"not-found\">D\u00e9sol\u00e9 aucun r\u00e9sultat trouv\u00e9<\/h4><\/div>\n\n            <\/div>\n        <\/div>\n\n        [\/vc_column][\/vc_row][vc_row][vc_column]\t\t<div\r\n\t\t\tclass=\"houzez-module module-title section-title-module text-left \">\r\n\t\t\t<h2>Property by ID<\/h2>\r\n\r\n\t\t\t<h3 class=\"sub-heading\">Three columns option <\/h3>\r\n\t\t<\/div>\r\n\t\t[\/vc_column][\/vc_row][vc_row css=\u00a0\u00bb.vc_custom_1457957850361{padding-top: 45px !important;padding-bottom: 45px !important;}\u00a0\u00bb][vc_column width=\u00a0\u00bb1\/3&Prime;]\n        <div id=\"property-item-module\" class=\"property-item-module\">\n            <div class=\"row grid-row\">\n\n                <div class=\"item-wrap\"><h4 class=\"not-found\">D\u00e9sol\u00e9 aucun r\u00e9sultat trouv\u00e9<\/h4><\/div>\n\n            <\/div>\n        <\/div>\n\n        [\/vc_column][vc_column width=\u00a0\u00bb1\/3&Prime;]\n        <div id=\"property-item-module\" class=\"property-item-module\">\n            <div class=\"row grid-row\">\n\n                <div id=\"ID-144\" class=\"item-wrap\">\n    <div class=\"property-item item-grid\">\n        <div class=\"figure-block\">\n            <figure class=\"item-thumb\">\n                \n                <div class=\"label-wrap label-right hide-on-list\">\n                    <span class=\"label-status label-status-23 label label-default\"><a href=\"https:\/\/www.baitenou.com\/index.php\/status\/for-sale\/\">For Sale<\/a><\/span>                <\/div>\n\n                <div class=\"price hide-on-list\">\n                    <span class=\"item-price\">$890,000<\/span><span class=\"item-sub-price\">$3,690&#47;sq ft<\/span>                <\/div>\n                <a class=\"hover-effect\" href=\"https:\/\/www.baitenou.com\/index.php\/property\/amazing-home-for-family\/\">\n                                    <\/a>\n                <ul class=\"actions\">\n\n        <li>\n\n        <span class=\"add_fav\" data-placement=\"top\" data-toggle=\"tooltip\" data-original-title=\"Pr\u00e9f\u00e9r\u00e9\" data-propid=\"144\"><i class=\"fa fa-heart-o\"><\/i><\/span>\n    <\/li>\n    \n        \n        <li>\n        <span data-toggle=\"tooltip\" data-placement=\"top\" title=\"(7) \">\n            <i class=\"fa fa-camera\"><\/i>\n        <\/span>\n    <\/li>\n    \n        <li>\n        <span id=\"compare-link-144\" class=\"compare-property\" data-propid=\"144\" data-toggle=\"tooltip\" data-placement=\"top\" title=\"Comparer\">\n            <i class=\"fa fa-plus\"><\/i>\n        <\/span>\n    <\/li>\n    <\/ul>\n            <\/figure>\n        <\/div>\n        <div class=\"item-body\">\n\n            <div class=\"body-left\">\n                <div class=\"info-row\">\n\n                    <h3 class=\"property-title\"><a href=\"https:\/\/www.baitenou.com\/index.php\/property\/amazing-home-for-family\/\">Amazing home for family<\/a><\/h3><address class=\"property-address\">1001 91st St, Bay Harbor Islands, FL 33154, Stati Uniti<\/address>                <\/div>\n                <div class=\"table-list full-width info-row\">\n                    <div class=\"cell\">\n                        <div class=\"info-row amenities\">\n                            <p><span class=\"h-beds\">Chambres: 4<\/span><span class=\"h-baths\">Thermes: 2<\/span><span class=\"h-area\">Sq Ft: 2100<\/span><\/p>                            <p>Single Family Home<\/p>\n                        <\/div>\n                    <\/div>\n                    <div class=\"cell\">\n                        <div class=\"phone\">\n                            <a href=\"https:\/\/www.baitenou.com\/index.php\/property\/amazing-home-for-family\/\" class=\"btn btn-primary\"> D\u00e9tails <i class=\"fa fa-angle-right fa-right\"><\/i><\/a>\n                        <\/div>\n                    <\/div>\n                <\/div>\n            <\/div>\n\n        <\/div>\n    <\/div>\n            <div class=\"item-foot date hide-on-list\">\n                            <div class=\"item-foot-left\">\n                                            <p class=\"prop-user-agent\"><i class=\"fa fa-user\"><\/i> <a href=\"https:\/\/www.baitenou.com\/index.php\/agent\/michelle-ramirez\/\">Michelle Ramirez<\/a> <\/p>\n                                    <\/div>\n            \n                            <div class=\"item-foot-right\">\n                    <p class=\"prop-date\"><i class=\"fa fa-calendar\"><\/i>il y a10 ans<\/p>\n                <\/div>\n                    <\/div>\n    <\/div>\n\n            <\/div>\n        <\/div>\n\n        [\/vc_column][vc_column width=\u00a0\u00bb1\/3&Prime;]\n        <div id=\"property-item-module\" class=\"property-item-module\">\n            <div class=\"row grid-row\">\n\n                <div class=\"item-wrap\"><h4 class=\"not-found\">D\u00e9sol\u00e9 aucun r\u00e9sultat trouv\u00e9<\/h4><\/div>\n\n            <\/div>\n        <\/div>\n\n        [\/vc_column][\/vc_row]\t\t<\/p>\n","protected":false},"excerpt":{"rendered":"<p>[vc_row][vc_column][\/vc_column][\/vc_row][vc_row gap=\u00a0\u00bb5&Prime; css=\u00a0\u00bb.vc_custom_1457958024125{padding-top: 45px !important;}\u00a0\u00bb][vc_column width=\u00a0\u00bb1\/2&Prime;][\/vc_column][vc_column width=\u00a0\u00bb1\/2&Prime;][\/vc_column][\/vc_row][vc_row][vc_column][\/vc_column][\/vc_row][vc_row css=\u00a0\u00bb.vc_custom_1457957850361{padding-top: 45px !important;padding-bottom: 45px !important;}\u00a0\u00bb][vc_column width=\u00a0\u00bb1\/3&Prime;][\/vc_column][vc_column width=\u00a0\u00bb1\/3&Prime;][\/vc_column][vc_column width=\u00a0\u00bb1\/3&Prime;][\/vc_column][\/vc_row]<\/p>\n","protected":false},"author":1,"featured_media":0,"parent":0,"menu_order":0,"comment_status":"closed","ping_status":"closed","template":"template\/template-homepage.php","meta":{"footnotes":""},"_links":{"self":[{"href":"https:\/\/www.baitenou.com\/index.php\/wp-json\/wp\/v2\/pages\/571"}],"collection":[{"href":"https:\/\/www.baitenou.com\/index.php\/wp-json\/wp\/v2\/pages"}],"about":[{"href":"https:\/\/www.baitenou.com\/index.php\/wp-json\/wp\/v2\/types\/page"}],"author":[{"embeddable":true,"href":"https:\/\/www.baitenou.com\/index.php\/wp-json\/wp\/v2\/users\/1"}],"replies":[{"embeddable":true,"href":"https:\/\/www.baitenou.com\/index.php\/wp-json\/wp\/v2\/comments?post=571"}],"version-history":[{"count":0,"href":"https:\/\/www.baitenou.com\/index.php\/wp-json\/wp\/v2\/pages\/571\/revisions"}],"wp:attachment":[{"href":"https:\/\/www.baitenou.com\/index.php\/wp-json\/wp\/v2\/media?parent=571"}],"curies":[{"name":"wp","href":"https:\/\/api.w.org\/{rel}","templated":true}]}}